{"id":107,"date":"2020-11-15T17:27:48","date_gmt":"2020-11-15T17:27:48","guid":{"rendered":"http:\/\/democracyandreligion.com\/?page_id=107"},"modified":"2020-12-03T11:22:59","modified_gmt":"2020-12-03T11:22:59","slug":"kontak","status":"publish","type":"page","link":"http:\/\/democracyandreligion.com\/de\/uber\/id\/kontak\/","title":{"rendered":"Kontak"},"content":{"rendered":"\n<p>Dr. Saskia Sch\u00e4fer <br>Institut f\u00fcr Asien- und Afrikawissenschaften<br>Humboldt-Universit\u00e4t zu Berlin<br>Unter den Linden 6<br>10099 Berlin<\/p>\n\n\n\n<p>Mail:&nbsp;<strong><a href=\"mailto:demrel@democracyandreligion.com\">demrel@democracyandreligion.com<\/a><\/strong><\/p>\n","protected":false},"excerpt":{"rendered":"<p>Dr. Saskia Sch\u00e4fer Institut f\u00fcr Asien- und AfrikawissenschaftenHumboldt-Universit\u00e4t zu BerlinUnter den Linden 610099 Berlin Mail:&nbsp;demrel@democracyandreligion.com<\/p>\n","protected":false},"author":1,"featured_media":0,"parent":0,"menu_order":0,"comment_status":"closed","ping_status":"closed","template":"","meta":[],"_links":{"self":[{"href":"http:\/\/democracyandreligion.com\/de\/uber\/wp-json\/wp\/v2\/pages\/107"}],"collection":[{"href":"http:\/\/democracyandreligion.com\/de\/uber\/wp-json\/wp\/v2\/pages"}],"about":[{"href":"http:\/\/democracyandreligion.com\/de\/uber\/wp-json\/wp\/v2\/types\/page"}],"author":[{"embeddable":true,"href":"http:\/\/democracyandreligion.com\/de\/uber\/wp-json\/wp\/v2\/users\/1"}],"replies":[{"embeddable":true,"href":"http:\/\/democracyandreligion.com\/de\/uber\/wp-json\/wp\/v2\/comments?post=107"}],"version-history":[{"count":3,"href":"http:\/\/democracyandreligion.com\/de\/uber\/wp-json\/wp\/v2\/pages\/107\/revisions"}],"predecessor-version":[{"id":257,"href":"http:\/\/democracyandreligion.com\/de\/uber\/wp-json\/wp\/v2\/pages\/107\/revisions\/257"}],"wp:attachment":[{"href":"http:\/\/democracyandreligion.com\/de\/uber\/wp-json\/wp\/v2\/media?parent=107"}],"curies":[{"name":"wp","href":"https:\/\/api.w.org\/{rel}","templated":true}]}}