{"id":1986,"date":"2022-01-31T10:37:16","date_gmt":"2022-01-31T10:37:16","guid":{"rendered":"http:\/\/democracyandreligion.com\/de\/uber\/?page_id=1986"},"modified":"2022-02-24T19:55:45","modified_gmt":"2022-02-24T19:55:45","slug":"berliner-forum-der-religionen","status":"publish","type":"page","link":"http:\/\/democracyandreligion.com\/de\/uber\/en\/berliner-forum-der-religionen\/","title":{"rendered":"Berliner Forum der Religionen"},"content":{"rendered":"\n<figure class=\"wp-block-embed is-type-video is-provider-youtube wp-block-embed-youtube wp-embed-aspect-16-9 wp-has-aspect-ratio\"><div class=\"wp-block-embed__wrapper\">\n<iframe loading=\"lazy\" title=\"Interview mit dem Berliner Forum der Religionen\" width=\"525\" height=\"295\" src=\"https:\/\/www.youtube.com\/embed\/D_Gf0iZGOL0?feature=oembed\" frameborder=\"0\" allow=\"accelerometer; autoplay; clipboard-write; encrypted-media; gyroscope; picture-in-picture\" allowfullscreen><\/iframe>\n<\/div><\/figure>\n\n\n\n<p class=\"has-small-font-size\">Interview:  Amalie Ravn \u00d8stergaard, Leona Pr\u00f6pper<br>Video: Amalie Ravn \u00d8stergaard, Leona Pr\u00f6pper<\/p>\n","protected":false},"excerpt":{"rendered":"<p>Interview: Amalie Ravn \u00d8stergaard, Leona Pr\u00f6pperVideo: Amalie Ravn \u00d8stergaard, Leona Pr\u00f6pper<\/p>\n","protected":false},"author":1,"featured_media":0,"parent":0,"menu_order":0,"comment_status":"closed","ping_status":"closed","template":"","meta":[],"_links":{"self":[{"href":"http:\/\/democracyandreligion.com\/de\/uber\/wp-json\/wp\/v2\/pages\/1986"}],"collection":[{"href":"http:\/\/democracyandreligion.com\/de\/uber\/wp-json\/wp\/v2\/pages"}],"about":[{"href":"http:\/\/democracyandreligion.com\/de\/uber\/wp-json\/wp\/v2\/types\/page"}],"author":[{"embeddable":true,"href":"http:\/\/democracyandreligion.com\/de\/uber\/wp-json\/wp\/v2\/users\/1"}],"replies":[{"embeddable":true,"href":"http:\/\/democracyandreligion.com\/de\/uber\/wp-json\/wp\/v2\/comments?post=1986"}],"version-history":[{"count":2,"href":"http:\/\/democracyandreligion.com\/de\/uber\/wp-json\/wp\/v2\/pages\/1986\/revisions"}],"predecessor-version":[{"id":2068,"href":"http:\/\/democracyandreligion.com\/de\/uber\/wp-json\/wp\/v2\/pages\/1986\/revisions\/2068"}],"wp:attachment":[{"href":"http:\/\/democracyandreligion.com\/de\/uber\/wp-json\/wp\/v2\/media?parent=1986"}],"curies":[{"name":"wp","href":"https:\/\/api.w.org\/{rel}","templated":true}]}}