{"id":2086,"date":"2022-03-31T14:48:38","date_gmt":"2022-03-31T14:48:38","guid":{"rendered":"http:\/\/democracyandreligion.com\/de\/uber\/?page_id=2086"},"modified":"2022-12-01T11:04:22","modified_gmt":"2022-12-01T11:04:22","slug":"forscherinnen","status":"publish","type":"page","link":"http:\/\/democracyandreligion.com\/de\/uber\/de\/forscherinnen\/","title":{"rendered":"Forscher:innen"},"content":{"rendered":"\n<p><strong>Prof. Dr. Sabine Achour<\/strong><\/p>\n\n\n\n<div class=\"wp-block-media-text alignwide is-stacked-on-mobile\" style=\"grid-template-columns:22% auto\"><figure class=\"wp-block-media-text__media\"><img loading=\"lazy\" width=\"827\" height=\"590\" src=\"http:\/\/democracyandreligion.com\/wp-content\/uploads\/2022\/03\/300113-15-1389-print.jpg\" alt=\"\" class=\"wp-image-2092 size-full\" srcset=\"http:\/\/democracyandreligion.com\/wp-content\/uploads\/2022\/03\/300113-15-1389-print.jpg 827w, http:\/\/democracyandreligion.com\/wp-content\/uploads\/2022\/03\/300113-15-1389-print-300x214.jpg 300w, http:\/\/democracyandreligion.com\/wp-content\/uploads\/2022\/03\/300113-15-1389-print-768x548.jpg 768w\" sizes=\"(max-width: 767px) 89vw, (max-width: 1000px) 54vw, (max-width: 1071px) 543px, 580px\" \/><\/figure><div class=\"wp-block-media-text__content\">\n<p class=\"has-small-font-size\">Sabine&nbsp;Achour&nbsp;ist Professorin f\u00fcr Politische Bildung am Otto-Suhr-Institut f\u00fcr Politikwissenschaft der Freien Universit\u00e4t Berlin. Ihre Forschungsschwerpunkte beziehen sich auf Fragen von Diversit\u00e4t, Inklusion, Migration und Religion im Rahmen der politischen Bildungsarbeit.<\/p>\n<\/div><\/div>\n\n\n\n<p><strong>Prof. Dr. Mohammad Gharaibeh<\/strong><\/p>\n\n\n\n<div class=\"wp-block-group\"><div class=\"wp-block-group__inner-container\">\n<div class=\"wp-block-media-text alignwide is-stacked-on-mobile\" style=\"grid-template-columns:22% auto\"><figure class=\"wp-block-media-text__media\"><img loading=\"lazy\" width=\"1024\" height=\"1024\" src=\"http:\/\/democracyandreligion.com\/wp-content\/uploads\/2022\/03\/Mohammad-Gharaibeh-Foto_Matthias-Heyde-1024x1024.jpg\" alt=\"\" class=\"wp-image-2097 size-full\" srcset=\"http:\/\/democracyandreligion.com\/wp-content\/uploads\/2022\/03\/Mohammad-Gharaibeh-Foto_Matthias-Heyde-1024x1024.jpg 1024w, http:\/\/democracyandreligion.com\/wp-content\/uploads\/2022\/03\/Mohammad-Gharaibeh-Foto_Matthias-Heyde-300x300.jpg 300w, http:\/\/democracyandreligion.com\/wp-content\/uploads\/2022\/03\/Mohammad-Gharaibeh-Foto_Matthias-Heyde-150x150.jpg 150w, http:\/\/democracyandreligion.com\/wp-content\/uploads\/2022\/03\/Mohammad-Gharaibeh-Foto_Matthias-Heyde-768x768.jpg 768w, http:\/\/democracyandreligion.com\/wp-content\/uploads\/2022\/03\/Mohammad-Gharaibeh-Foto_Matthias-Heyde-1536x1536.jpg 1536w, http:\/\/democracyandreligion.com\/wp-content\/uploads\/2022\/03\/Mohammad-Gharaibeh-Foto_Matthias-Heyde-2048x2048.jpg 2048w, http:\/\/democracyandreligion.com\/wp-content\/uploads\/2022\/03\/Mohammad-Gharaibeh-Foto_Matthias-Heyde-100x100.jpg 100w\" sizes=\"(max-width: 767px) 89vw, (max-width: 1000px) 54vw, (max-width: 1071px) 543px, 580px\" \/><\/figure><div class=\"wp-block-media-text__content\">\n<p class=\"has-text-align-left has-small-font-size\">Mohammad Gharaibeh ist seit 2020 Professor f\u00fcr Islamische Ideengeschichte am Berliner Institut f\u00fcr Islamische Theologie. Zu seinen Forschungsinteressen z\u00e4hlen die Islamische Ideengeschichte aus theologischer, wissenssoziologischer und kulturwissenschaftlicher Perspektive, die \u1e24ad\u012b\u1e6f-Wissenschaft, die Islamische Glaubenslehre u. Kal\u0101m (a\u0161\u02bfaritisch, m\u0101tur\u012bditisch, \u1e25anbalitisch, salafitisch, wahh\u0101bitisch), die Islamische Mystik, die Islamische Philosophie, der Themenkomplex Islam und Muslime in der Gegenwart (insb. in Deutschland), Geschichte und Kultur Saudi-Arabiens und die arabisch islamische Historiographie. Herr Gharaibeh ist au\u00dferdem Mitglied der Steuerungsgruppe des Theologischen Forums Christentum-Islam des Di\u00f6zese Rottenburg-Stuttgart und Mitherausgeber der Publikationsreihe.<\/p>\n<\/div><\/div>\n<\/div><\/div>\n\n\n\n<p><strong>Dr. Saskia Sch\u00e4fer<\/strong><\/p>\n\n\n\n<div class=\"wp-block-media-text alignwide is-stacked-on-mobile\" style=\"grid-template-columns:22% auto\"><figure class=\"wp-block-media-text__media\"><img loading=\"lazy\" width=\"1024\" height=\"1024\" src=\"http:\/\/democracyandreligion.com\/wp-content\/uploads\/2022\/03\/Saskia-Portraits-9806-1-1024x1024.jpg\" alt=\"\" class=\"wp-image-2093 size-full\" srcset=\"http:\/\/democracyandreligion.com\/wp-content\/uploads\/2022\/03\/Saskia-Portraits-9806-1-1024x1024.jpg 1024w, http:\/\/democracyandreligion.com\/wp-content\/uploads\/2022\/03\/Saskia-Portraits-9806-1-300x300.jpg 300w, http:\/\/democracyandreligion.com\/wp-content\/uploads\/2022\/03\/Saskia-Portraits-9806-1-150x150.jpg 150w, http:\/\/democracyandreligion.com\/wp-content\/uploads\/2022\/03\/Saskia-Portraits-9806-1-768x768.jpg 768w, http:\/\/democracyandreligion.com\/wp-content\/uploads\/2022\/03\/Saskia-Portraits-9806-1-1536x1536.jpg 1536w, http:\/\/democracyandreligion.com\/wp-content\/uploads\/2022\/03\/Saskia-Portraits-9806-1-2048x2048.jpg 2048w, http:\/\/democracyandreligion.com\/wp-content\/uploads\/2022\/03\/Saskia-Portraits-9806-1-100x100.jpg 100w\" sizes=\"(max-width: 767px) 89vw, (max-width: 1000px) 54vw, (max-width: 1071px) 543px, 580px\" \/><\/figure><div class=\"wp-block-media-text__content\">\n<p class=\"has-small-font-size\">Saskia Sch\u00e4fer leitet eine Forschungsgruppe zu Demokratie und Religion in Indonesien und der T\u00fcrkei am Institut f\u00fcr Asien- und Afrikastudien der Humboldt-Universit\u00e4t zu Berlin.<\/p>\n<\/div><\/div>\n\n\n\n<p><strong>Prof. Dr. Thomas Stodulka<\/strong><\/p>\n\n\n\n<div class=\"wp-block-media-text alignwide is-stacked-on-mobile\" style=\"grid-template-columns:22% auto\"><figure class=\"wp-block-media-text__media\"><img loading=\"lazy\" width=\"1024\" height=\"819\" src=\"http:\/\/democracyandreligion.com\/wp-content\/uploads\/2022\/03\/DSC00589-1024x819.jpg\" alt=\"\" class=\"wp-image-2091 size-full\" srcset=\"http:\/\/democracyandreligion.com\/wp-content\/uploads\/2022\/03\/DSC00589-1024x819.jpg 1024w, http:\/\/democracyandreligion.com\/wp-content\/uploads\/2022\/03\/DSC00589-300x240.jpg 300w, http:\/\/democracyandreligion.com\/wp-content\/uploads\/2022\/03\/DSC00589-768x614.jpg 768w, http:\/\/democracyandreligion.com\/wp-content\/uploads\/2022\/03\/DSC00589-1536x1229.jpg 1536w, http:\/\/democracyandreligion.com\/wp-content\/uploads\/2022\/03\/DSC00589-2048x1638.jpg 2048w\" sizes=\"(max-width: 767px) 89vw, (max-width: 1000px) 54vw, (max-width: 1071px) 543px, 580px\" \/><\/figure><div class=\"wp-block-media-text__content\">\n<p class=\"has-small-font-size\">Thomas Stodulka ist Juniorprofessor f\u00fcr Sozial- und Kulturanthropologie mit einem besonderen Schwerpunkt auf Psychologischer Anthropologie an der Freien Universit\u00e4t Berlin. Seine Arbeit konzentriert sich auf das Zusammenspiel von Affekt, Emotion, Kindheit und Jugend, alternativen \u00d6konomien und Bildung, psychischer Gesundheit und Krankheit, Stigmatisierung, Datafizierung, kritischen Epistemologien und affektiven Methodologien. Er ist Mitbegr\u00fcnder und Organisator des&nbsp;<em>European Network for Psychological Anthropology<\/em>&nbsp;(ENPA) der&nbsp;<em>European AssociationofSocial Anthropology<\/em>&nbsp;(EASA) und Mitherausgeber von&nbsp;<em>Ethos<\/em>&nbsp;(AAA) und Herausgeber der Brill-Buchreihe&nbsp;<em>SocialSciences in Asia<\/em>.<\/p>\n<\/div><\/div>\n\n\n\n<p><strong>Dr. Eckhard Zemmrich<\/strong><\/p>\n\n\n\n<div class=\"wp-block-media-text alignwide is-stacked-on-mobile\" style=\"grid-template-columns:22% auto\"><figure class=\"wp-block-media-text__media\"><img loading=\"lazy\" width=\"799\" height=\"799\" src=\"http:\/\/democracyandreligion.com\/wp-content\/uploads\/2022\/03\/ASP3265.jpg\" alt=\"\" class=\"wp-image-2098 size-full\" srcset=\"http:\/\/democracyandreligion.com\/wp-content\/uploads\/2022\/03\/ASP3265.jpg 799w, http:\/\/democracyandreligion.com\/wp-content\/uploads\/2022\/03\/ASP3265-300x300.jpg 300w, http:\/\/democracyandreligion.com\/wp-content\/uploads\/2022\/03\/ASP3265-150x150.jpg 150w, http:\/\/democracyandreligion.com\/wp-content\/uploads\/2022\/03\/ASP3265-768x768.jpg 768w, http:\/\/democracyandreligion.com\/wp-content\/uploads\/2022\/03\/ASP3265-100x100.jpg 100w\" sizes=\"(max-width: 767px) 89vw, (max-width: 1000px) 54vw, (max-width: 1071px) 543px, 580px\" \/><\/figure><div class=\"wp-block-media-text__content\">\n<p class=\"has-small-font-size\">Eckhard Zemmrich ist Theologischer Referent in der Gesch\u00e4ftsstelle der EMW e.V. in Hamburg und Privatdozent f\u00fcr Interkulturelle Theologie und Religionswissenschaft an der Humboldt-Universit\u00e4t zu Berlin. In seiner Forschung befasst er sich besonders mit systematischen Grundfragen interkultureller Theologie, au\u00dfereurop\u00e4ischer Religionsgeschichte, Wandlungsprozessen religi\u00f6ser Identit\u00e4t und interreligi\u00f6sen Beziehungen in Indonesien.<\/p>\n<\/div><\/div>\n\n\n\n<p><strong>Teguh Wijaya Mulya<\/strong> <strong>S.Psi., M.Ed., Ph.D.<\/strong><br>Kooperationspartner<\/p>\n\n\n\n<div class=\"wp-block-media-text alignwide is-stacked-on-mobile\" style=\"grid-template-columns:22% auto\"><figure class=\"wp-block-media-text__media\"><img loading=\"lazy\" width=\"607\" height=\"606\" src=\"http:\/\/democracyandreligion.com\/wp-content\/uploads\/2022\/08\/foto-Teguh-Wijaya-Mulya-1.jpg\" alt=\"\" class=\"wp-image-2193 size-full\" srcset=\"http:\/\/democracyandreligion.com\/wp-content\/uploads\/2022\/08\/foto-Teguh-Wijaya-Mulya-1.jpg 607w, http:\/\/democracyandreligion.com\/wp-content\/uploads\/2022\/08\/foto-Teguh-Wijaya-Mulya-1-300x300.jpg 300w, http:\/\/democracyandreligion.com\/wp-content\/uploads\/2022\/08\/foto-Teguh-Wijaya-Mulya-1-150x150.jpg 150w, http:\/\/democracyandreligion.com\/wp-content\/uploads\/2022\/08\/foto-Teguh-Wijaya-Mulya-1-100x100.jpg 100w\" sizes=\"(max-width: 607px) 100vw, 607px\" \/><\/figure><div class=\"wp-block-media-text__content\">\n<p class=\"has-small-font-size\">Teguh Wijaya Mulya ist Dozent f\u00fcr Psychologie an der Universit\u00e4t Surabaya, Indonesien. Er ist spezialisiert auf kritische Forschung in den Bereichen Geschlecht, Sexualit\u00e4t, Religion, interreligi\u00f6se Bildung und Diskursanalyse. Seine Arbeit ist inspiriert von Michel Foucault, dem post-strukturalistischen Feminismus und Diskurstheorien.<\/p>\n<\/div><\/div>\n\n\n\n<p><strong>Dr. Claudia Seise<\/strong> <br>Ausstellungskuration<\/p>\n\n\n\n<p class=\"has-small-font-size\">Claudia Seise promovierte in S\u00fcdostasienwissenschaften an der Humboldt-Universit\u00e4t zu Berlin. W\u00e4hrend ihrer Promotion f\u00fchrte sie umfangreiche qualitative Forschungen in Indonesien durch. Ihre Dissertation tr\u00e4gt den Titel&nbsp;<em>Religioscapes in Muslim Indonesia: Personalities, Institutions and Practices<\/em>. Ihre Forschungsinteressen umfassen: Islam und muslimische Praktiken in S\u00fcdostasien, insbesondere in Indonesien, muslimische Minderheiten, interreligi\u00f6ser Dialog, moderne Kunst in S\u00fcdostasien und Forschungsmethodik. 2017 hatte sie einen Lehrauftrag an der Humboldt-Universit\u00e4t zu Berlin und arbeitete von April 2018 bis August 2019 als Assistenzprofessorin an der Internationalen Islamischen Universit\u00e4t Malaysia. Claudia ist seit September 2020 wissenschaftliche Mitarbeiterin und PostDoc-Fellow am Berliner Institut f\u00fcr Islamische Theologie der Humboldt-Universit\u00e4t . Sie ist Organisatorin und Kuratorin der Ausstellung &#8220;Religion in a Plural Society: Indonesian&nbsp;Perspectives&#8221;.<\/p>\n","protected":false},"excerpt":{"rendered":"<p>Prof. Dr. Sabine Achour Sabine&nbsp;Achour&nbsp;ist Professorin f\u00fcr Politische Bildung am Otto-Suhr-Institut f\u00fcr Politikwissenschaft der Freien Universit\u00e4t Berlin. Ihre Forschungsschwerpunkte beziehen sich auf Fragen von Diversit\u00e4t, Inklusion, Migration und Religion im Rahmen der politischen Bildungsarbeit. Prof. Dr. Mohammad Gharaibeh Mohammad Gharaibeh ist seit 2020 Professor f\u00fcr Islamische Ideengeschichte am Berliner Institut f\u00fcr Islamische Theologie. Zu seinen &hellip; <\/p>\n<p class=\"link-more\"><a href=\"http:\/\/democracyandreligion.com\/de\/uber\/de\/forscherinnen\/\" class=\"more-link\">Continue reading<span class=\"screen-reader-text\"> &#8220;Forscher:innen&#8221;<\/span><\/a><\/p>\n","protected":false},"author":1,"featured_media":0,"parent":0,"menu_order":1,"comment_status":"closed","ping_status":"closed","template":"","meta":[],"_links":{"self":[{"href":"http:\/\/democracyandreligion.com\/de\/uber\/wp-json\/wp\/v2\/pages\/2086"}],"collection":[{"href":"http:\/\/democracyandreligion.com\/de\/uber\/wp-json\/wp\/v2\/pages"}],"about":[{"href":"http:\/\/democracyandreligion.com\/de\/uber\/wp-json\/wp\/v2\/types\/page"}],"author":[{"embeddable":true,"href":"http:\/\/democracyandreligion.com\/de\/uber\/wp-json\/wp\/v2\/users\/1"}],"replies":[{"embeddable":true,"href":"http:\/\/democracyandreligion.com\/de\/uber\/wp-json\/wp\/v2\/comments?post=2086"}],"version-history":[{"count":13,"href":"http:\/\/democracyandreligion.com\/de\/uber\/wp-json\/wp\/v2\/pages\/2086\/revisions"}],"predecessor-version":[{"id":2477,"href":"http:\/\/democracyandreligion.com\/de\/uber\/wp-json\/wp\/v2\/pages\/2086\/revisions\/2477"}],"wp:attachment":[{"href":"http:\/\/democracyandreligion.com\/de\/uber\/wp-json\/wp\/v2\/media?parent=2086"}],"curies":[{"name":"wp","href":"https:\/\/api.w.org\/{rel}","templated":true}]}}